{"id":44,"date":"2020-03-29T19:24:09","date_gmt":"2020-03-29T18:24:09","guid":{"rendered":"http:\/\/fotocuk.studio\/?page_id=44"},"modified":"2021-09-01T10:30:00","modified_gmt":"2021-09-01T09:30:00","slug":"o-nama","status":"publish","type":"page","link":"https:\/\/fotocuk.studio\/en\/o-nama\/","title":{"rendered":"About Us"},"content":{"rendered":"<p><img width=\"1170\" height=\"743\" src=\"https:\/\/fotocuk.studio\/wp-content\/uploads\/2020\/04\/team.jpg\" alt=\"\" loading=\"lazy\" srcset=\"https:\/\/fotocuk.studio\/wp-content\/uploads\/2020\/04\/team.jpg 1170w, https:\/\/fotocuk.studio\/wp-content\/uploads\/2020\/04\/team-300x191.jpg 300w, https:\/\/fotocuk.studio\/wp-content\/uploads\/2020\/04\/team-1024x650.jpg 1024w, https:\/\/fotocuk.studio\/wp-content\/uploads\/2020\/04\/team-768x488.jpg 768w\" sizes=\"(max-width: 1170px) 100vw, 1170px\" \/><br \/>\n\t\t\t\t\t<a href=\"https:\/\/www.facebook.com\/gorancukfotograf\/?ref=bookmarks\" target=\"_blank\" rel=\"noopener\"><br \/>\n\t\t\t\t\t\tFacebook<br \/>\n\t\t\t\t\t\t\t\t\t\t\t<\/a><br \/>\n\t\t\t\t\t<a href=\"https:\/\/twitter.com\/goran_cuk_\" target=\"_blank\" rel=\"noopener\"><br \/>\n\t\t\t\t\t\tTwitter<br \/>\n\t\t\t\t\t\t\t\t\t\t\t<\/a><br \/>\n\t\t\t\t\t<a href=\"https:\/\/www.instagram.com\/fotocuk_prijedor\/\" target=\"_blank\" rel=\"noopener\"><br \/>\n\t\t\t\t\t\tInstagram<br \/>\n\t\t\t\t\t\t\t\t\t\t\t<\/a><br \/>\n\t\t\t\t\t<a href=\"https:\/\/www.facebook.com\/gorancukfotograf\/?ref=bookmarks\" target=\"_blank\" rel=\"noopener\"><br \/>\n\t\t\t\t\t\tFacebook<br \/>\n\t\t\t\t\t\t\t\t\t\t\t<\/a><br \/>\n\t\t\t\t\t<a href=\"https:\/\/twitter.com\/goran_cuk_\" target=\"_blank\" rel=\"noopener\"><br \/>\n\t\t\t\t\t\tTwitter<br \/>\n\t\t\t\t\t\t\t\t\t\t\t<\/a><br \/>\n\t\t\t\t\t<a href=\"https:\/\/www.instagram.com\/fotocuk_prijedor\/\" target=\"_blank\" rel=\"noopener\"><br \/>\n\t\t\t\t\t\tInstagram<br \/>\n\t\t\t\t\t\t\t\t\t\t\t<\/a><\/p>\n<p><strong>Goran<\/strong><\/p>\n<p><strong>Phone:<\/strong> +387 65 634 495<\/p>\n<p><strong>E-mail:<\/strong> info@fotocuk.studio<\/p>\n<p>\t\t\t<a href=\"https:\/\/fotocuk.studio\/en\/kontakt\/\" role=\"button\"><br \/>\n\t\t\t\t\t\tSEND ME A MESSAGE<br \/>\n\t\t\t\t\t<\/a><br \/>\n\t\t\t\t\t\t\t\t\t\t\t\t<img width=\"441\" height=\"661\" src=\"https:\/\/fotocuk.studio\/wp-content\/uploads\/2020\/04\/goran.jpg\" alt=\"\" loading=\"lazy\" srcset=\"https:\/\/fotocuk.studio\/wp-content\/uploads\/2020\/04\/goran.jpg 441w, https:\/\/fotocuk.studio\/wp-content\/uploads\/2020\/04\/goran-200x300.jpg 200w\" sizes=\"(max-width: 441px) 100vw, 441px\" \/><br \/>\n\t\t\t\t\t\t\t\t\t\t\t\t<img width=\"443\" height=\"664\" src=\"https:\/\/fotocuk.studio\/wp-content\/uploads\/2020\/04\/peda.jpg\" alt=\"\" loading=\"lazy\" srcset=\"https:\/\/fotocuk.studio\/wp-content\/uploads\/2020\/04\/peda.jpg 443w, https:\/\/fotocuk.studio\/wp-content\/uploads\/2020\/04\/peda-200x300.jpg 200w\" sizes=\"(max-width: 443px) 100vw, 443px\" \/>\t\t\t\t\t\t\t\t\t\t\t\t\t\t<\/p>\n<p><strong>PE\u0110A<\/strong><\/p>\n<p><strong>Phone:<\/strong> +387 65 582 107<\/p>\n<p><strong>E-mail:<\/strong> pedja@fotocuk.studio<\/p>\n<p>\t\t\t<a href=\"https:\/\/fotocuk.studio\/en\/kontakt\/\" role=\"button\"><br \/>\n\t\t\t\t\t\tSEND ME A MESSAGE<br \/>\n\t\t\t\t\t<\/a><\/p>\n<p><strong>\u017deljo<\/strong><\/p>\n<p><strong>Phone:<\/strong> +387 65 872 525<\/p>\n<p><strong>E-mail:<\/strong> zeljo@fotocuk.studio<\/p>\n<p>\t\t\t<a href=\"https:\/\/fotocuk.studio\/en\/kontakt\/\" role=\"button\"><br \/>\n\t\t\t\t\t\tSEND ME A MESSAGE<br \/>\n\t\t\t\t\t<\/a><br \/>\n\t\t\t\t\t\t\t\t\t\t\t\t<img width=\"443\" height=\"664\" src=\"https:\/\/fotocuk.studio\/wp-content\/uploads\/2020\/04\/zeljo.jpg\" alt=\"\" loading=\"lazy\" srcset=\"https:\/\/fotocuk.studio\/wp-content\/uploads\/2020\/04\/zeljo.jpg 443w, https:\/\/fotocuk.studio\/wp-content\/uploads\/2020\/04\/zeljo-200x300.jpg 200w\" sizes=\"(max-width: 443px) 100vw, 443px\" \/>\t\t\t\t\t\t\t\t\t\t\t\t\t\t<\/p>\n<p style=\"text-align: center;\">\u201c\u2026photographs open doors into the past but they also allow a look into the future.\u201d<\/p>\n<figure><img src=\"https:\/\/fotocuk.studio\/wp-content\/uploads\/2020\/03\/slider5.jpg\" alt=\"slider5\" \/><\/figure>\n<figure><img src=\"https:\/\/fotocuk.studio\/wp-content\/uploads\/2020\/03\/slider3.jpg\" alt=\"slider3\" \/><\/figure>\n<figure><img src=\"https:\/\/fotocuk.studio\/wp-content\/uploads\/2020\/03\/slider4.jpg\" alt=\"slider4\" \/><\/figure>\n<figure><img src=\"https:\/\/fotocuk.studio\/wp-content\/uploads\/2020\/03\/slider1.jpg\" alt=\"slider1\" \/><\/figure>\n<figure><img src=\"https:\/\/fotocuk.studio\/wp-content\/uploads\/2020\/03\/slider2.jpg\" alt=\"slider2\" \/><\/figure>\n<h2>www.izradafotografija.ba<\/h2>","protected":false},"excerpt":{"rendered":"<p>Facebook Twitter Instagram Facebook Twitter Instagram Goran Telefon: +387 65 634 495 E-mail: info@fotocuk.studio KONTAKTIRAJ ME PE\u0110A Telefon: +387 65 582 107 E-mail: pedja@fotocuk.studio KONTAKTIRAJ ME \u017deljo Telefon: +387 65 872 525 E-mail: zeljo@fotocuk.studio KONTAKTIRAJ ME Fotografije su vrata pro\u0161losti, koja daju pogled u budu\u0107nost. www.izradafotografija.ba<\/p>","protected":false},"author":1,"featured_media":0,"parent":0,"menu_order":0,"comment_status":"closed","ping_status":"closed","template":"","meta":[],"_links":{"self":[{"href":"https:\/\/fotocuk.studio\/en\/wp-json\/wp\/v2\/pages\/44"}],"collection":[{"href":"https:\/\/fotocuk.studio\/en\/wp-json\/wp\/v2\/pages"}],"about":[{"href":"https:\/\/fotocuk.studio\/en\/wp-json\/wp\/v2\/types\/page"}],"author":[{"embeddable":true,"href":"https:\/\/fotocuk.studio\/en\/wp-json\/wp\/v2\/users\/1"}],"replies":[{"embeddable":true,"href":"https:\/\/fotocuk.studio\/en\/wp-json\/wp\/v2\/comments?post=44"}],"version-history":[{"count":62,"href":"https:\/\/fotocuk.studio\/en\/wp-json\/wp\/v2\/pages\/44\/revisions"}],"predecessor-version":[{"id":1787,"href":"https:\/\/fotocuk.studio\/en\/wp-json\/wp\/v2\/pages\/44\/revisions\/1787"}],"wp:attachment":[{"href":"https:\/\/fotocuk.studio\/en\/wp-json\/wp\/v2\/media?parent=44"}],"curies":[{"name":"wp","href":"https:\/\/api.w.org\/{rel}","templated":true}]}}