{"id":47,"date":"2020-03-29T19:24:31","date_gmt":"2020-03-29T18:24:31","guid":{"rendered":"http:\/\/fotocuk.studio\/?page_id=47"},"modified":"2021-08-15T19:40:21","modified_gmt":"2021-08-15T18:40:21","slug":"portfolio","status":"publish","type":"page","link":"https:\/\/fotocuk.studio\/en\/portfolio\/","title":{"rendered":"Gallery"},"content":{"rendered":"<p><a href=\"https:\/\/www.facebook.com\/gorancukfotograf\/?ref=bookmarks\" target=\"_blank\" rel=\"noopener\"><br \/>\n\t\t\t\t\t\tFacebook<br \/>\n\t\t\t\t\t\t\t\t\t\t\t<\/a><br \/>\n\t\t\t\t\t<a href=\"https:\/\/twitter.com\/goran_cuk_\" target=\"_blank\" rel=\"noopener\"><br \/>\n\t\t\t\t\t\tTwitter<br \/>\n\t\t\t\t\t\t\t\t\t\t\t<\/a><br \/>\n\t\t\t\t\t<a href=\"https:\/\/www.instagram.com\/fotocuk_prijedor\/\" target=\"_blank\" rel=\"noopener\"><br \/>\n\t\t\t\t\t\tInstagram<br \/>\n\t\t\t\t\t\t\t\t\t\t\t<\/a><br \/>\n\t\t\t\t\t<a href=\"https:\/\/www.facebook.com\/gorancukfotograf\/?ref=bookmarks\" target=\"_blank\" rel=\"noopener\"><br \/>\n\t\t\t\t\t\tFacebook<br \/>\n\t\t\t\t\t\t\t\t\t\t\t<\/a><br \/>\n\t\t\t\t\t<a href=\"https:\/\/twitter.com\/goran_cuk_\" target=\"_blank\" rel=\"noopener\"><br \/>\n\t\t\t\t\t\tTwitter<br \/>\n\t\t\t\t\t\t\t\t\t\t\t<\/a><br \/>\n\t\t\t\t\t<a href=\"https:\/\/www.instagram.com\/fotocuk_prijedor\/\" target=\"_blank\" rel=\"noopener\"><br \/>\n\t\t\t\t\t\tInstagram<br \/>\n\t\t\t\t\t\t\t\t\t\t\t<\/a><\/p>\n<p style=\"text-align: center;\">Weddings<\/p>\n<p>\t\t\t\t\t\t\t\t\t\t\t\t\t<a href=\"https:\/\/fotocuk.studio\/en\/gallery-vjencanje\/\"><br \/>\n\t\t\t\t\t\t\t<img width=\"504\" height=\"756\" src=\"https:\/\/fotocuk.studio\/wp-content\/uploads\/2020\/04\/portfolio1.jpg\" alt=\"\" loading=\"lazy\" srcset=\"https:\/\/fotocuk.studio\/wp-content\/uploads\/2020\/04\/portfolio1.jpg 504w, https:\/\/fotocuk.studio\/wp-content\/uploads\/2020\/04\/portfolio1-200x300.jpg 200w\" sizes=\"(max-width: 504px) 100vw, 504px\" \/>\t\t\t\t\t\t\t\t<\/a><\/p>\n<p style=\"text-align: center;\">Everything else<\/p>\n<p>\t\t\t\t\t\t\t\t\t\t\t\t\t<a href=\"https:\/\/fotocuk.studio\/en\/gallery-18-rodendani\/\"><br \/>\n\t\t\t\t\t\t\t<img width=\"503\" height=\"753\" src=\"https:\/\/fotocuk.studio\/wp-content\/uploads\/2020\/04\/portfolio2.jpg\" alt=\"\" loading=\"lazy\" srcset=\"https:\/\/fotocuk.studio\/wp-content\/uploads\/2020\/04\/portfolio2.jpg 503w, https:\/\/fotocuk.studio\/wp-content\/uploads\/2020\/04\/portfolio2-200x300.jpg 200w\" sizes=\"(max-width: 503px) 100vw, 503px\" \/>\t\t\t\t\t\t\t\t<\/a><\/p>\n<p style=\"text-align: center;\">\u201c\u2026photographs open doors into the past but they also allow a look into the future.\u201d<\/p>\n<figure><img src=\"https:\/\/fotocuk.studio\/wp-content\/uploads\/2020\/03\/slider5.jpg\" alt=\"slider5\" \/><\/figure>\n<figure><img src=\"https:\/\/fotocuk.studio\/wp-content\/uploads\/2020\/03\/slider3.jpg\" alt=\"slider3\" \/><\/figure>\n<figure><img src=\"https:\/\/fotocuk.studio\/wp-content\/uploads\/2020\/03\/slider4.jpg\" alt=\"slider4\" \/><\/figure>\n<figure><img src=\"https:\/\/fotocuk.studio\/wp-content\/uploads\/2020\/03\/slider1.jpg\" alt=\"slider1\" \/><\/figure>\n<figure><img src=\"https:\/\/fotocuk.studio\/wp-content\/uploads\/2020\/03\/slider2.jpg\" alt=\"slider2\" \/><\/figure>","protected":false},"excerpt":{"rendered":"<p>Facebook Twitter Instagram Facebook Twitter Instagram Vjen\u010danje Ostalo Fotografije su vrata pro\u0161losti, koja daju pogled u budu\u0107nost.<\/p>","protected":false},"author":1,"featured_media":0,"parent":0,"menu_order":0,"comment_status":"closed","ping_status":"closed","template":"","meta":[],"_links":{"self":[{"href":"https:\/\/fotocuk.studio\/en\/wp-json\/wp\/v2\/pages\/47"}],"collection":[{"href":"https:\/\/fotocuk.studio\/en\/wp-json\/wp\/v2\/pages"}],"about":[{"href":"https:\/\/fotocuk.studio\/en\/wp-json\/wp\/v2\/types\/page"}],"author":[{"embeddable":true,"href":"https:\/\/fotocuk.studio\/en\/wp-json\/wp\/v2\/users\/1"}],"replies":[{"embeddable":true,"href":"https:\/\/fotocuk.studio\/en\/wp-json\/wp\/v2\/comments?post=47"}],"version-history":[{"count":47,"href":"https:\/\/fotocuk.studio\/en\/wp-json\/wp\/v2\/pages\/47\/revisions"}],"predecessor-version":[{"id":1768,"href":"https:\/\/fotocuk.studio\/en\/wp-json\/wp\/v2\/pages\/47\/revisions\/1768"}],"wp:attachment":[{"href":"https:\/\/fotocuk.studio\/en\/wp-json\/wp\/v2\/media?parent=47"}],"curies":[{"name":"wp","href":"https:\/\/api.w.org\/{rel}","templated":true}]}}