{"id":49,"date":"2020-03-29T19:24:45","date_gmt":"2020-03-29T18:24:45","guid":{"rendered":"http:\/\/fotocuk.studio\/?page_id=49"},"modified":"2024-01-11T18:53:29","modified_gmt":"2024-01-11T18:53:29","slug":"cijena","status":"publish","type":"page","link":"https:\/\/fotocuk.studio\/en\/cijena\/","title":{"rendered":"Packages"},"content":{"rendered":"<p><a href=\"https:\/\/www.facebook.com\/gorancukfotograf\/?ref=bookmarks\" target=\"_blank\" rel=\"noopener\"><br \/>\n\t\t\t\t\t\tFacebook<br \/>\n\t\t\t\t\t\t\t\t\t\t\t<\/a><br \/>\n\t\t\t\t\t<a href=\"https:\/\/twitter.com\/goran_cuk_\" target=\"_blank\" rel=\"noopener\"><br \/>\n\t\t\t\t\t\tTwitter<br \/>\n\t\t\t\t\t\t\t\t\t\t\t<\/a><br \/>\n\t\t\t\t\t<a href=\"https:\/\/www.instagram.com\/fotocuk_prijedor\/\" target=\"_blank\" rel=\"noopener\"><br \/>\n\t\t\t\t\t\tInstagram<br \/>\n\t\t\t\t\t\t\t\t\t\t\t<\/a><br \/>\n\t\t\t\t\t<a href=\"https:\/\/www.facebook.com\/gorancukfotograf\/?ref=bookmarks\" target=\"_blank\" rel=\"noopener\"><br \/>\n\t\t\t\t\t\tFacebook<br \/>\n\t\t\t\t\t\t\t\t\t\t\t<\/a><br \/>\n\t\t\t\t\t<a href=\"https:\/\/twitter.com\/goran_cuk_\" target=\"_blank\" rel=\"noopener\"><br \/>\n\t\t\t\t\t\tTwitter<br \/>\n\t\t\t\t\t\t\t\t\t\t\t<\/a><br \/>\n\t\t\t\t\t<a href=\"https:\/\/www.instagram.com\/fotocuk_prijedor\/\" target=\"_blank\" rel=\"noopener\"><br \/>\n\t\t\t\t\t\tInstagram<br \/>\n\t\t\t\t\t\t\t\t\t\t\t<\/a><\/p>\n<p style=\"text-align: center;\">Our packages<\/p>\n<p>\t\t\t\t\t\t\t\t\t\t\t\t<img width=\"503\" height=\"753\" src=\"https:\/\/fotocuk.studio\/wp-content\/uploads\/2020\/04\/price1.jpg\" alt=\"\" loading=\"lazy\" srcset=\"https:\/\/fotocuk.studio\/wp-content\/uploads\/2020\/04\/price1.jpg 503w, https:\/\/fotocuk.studio\/wp-content\/uploads\/2020\/04\/price1-200x300.jpg 200w\" sizes=\"(max-width: 503px) 100vw, 503px\" \/>\t\t\t\t\t\t\t\t\t\t\t\t\t\t<\/p>\n<p style=\"text-align: center; margin: 0 0 5px;\"><strong>PHOTO AND VIDEO PACKAGE \"AFRODITA\"<\/strong><\/p>\n<p>Photo\t\t<\/p>\n<ul>\n<li>\n\t\t\t\t\t\t\t\t\t\t240 FO TOGRAFIJA FORMATA 13X18CM\n\t\t\t\t\t\t\t\t\t<\/li>\n<li>\n\t\t\t\t\t\t\t\t\t\tBIG WEDDING ALBUM\n\t\t\t\t\t\t\t\t\t<\/li>\n<li>\n\t\t\t\t\t\t\t\t\t\t5 PHOTOGRAPHS 25X38CM\n\t\t\t\t\t\t\t\t\t<\/li>\n<li>\n\t\t\t\t\t\t\t\t\t\tALL PHOTOS IN DIGITAL FORM\n\t\t\t\t\t\t\t\t\t<\/li>\n<li>\n\t\t\t\t\t\t\t\t\t\tMOBILNA APLIKACIJA SA FOTOGRAFIJAMA MLADENACA\n\t\t\t\t\t\t\t\t\t<\/li>\n<li>\n\t\t\t\t\t\t\t\t\t\tONLINE GALERIJA SA SVIM FOTOGRAFIJAMA &#8211; PRISTUP UZ \u0160IFRU\n\t\t\t\t\t\t\t\t\t<\/li>\n<\/ul>\n<p>\t\tVideo\t\t<\/p>\n<ul>\n<li>\n\t\t\t\t\t\t\t\t\t\t3 USB FULL HD VIDEO\n\t\t\t\t\t\t\t\t\t<\/li>\n<li>\n\t\t\t\t\t\t\t\t\t\tKOMPLETAN SIROVI MATERIJAL &#8211; PO \u017dELJI\n\t\t\t\t\t\t\t\t\t<\/li>\n<li>\n\t\t\t\t\t\t\t\t\t\tFOR RAW MATERIAL CLIENT IS OBLIGATED TO SECURE MEDIA (USB, HARD DRIVE...)\n\t\t\t\t\t\t\t\t\t<\/li>\n<\/ul>\n<p>\t\tPackage include\t\t<\/p>\n<ul>\n<li>\n\t\t\t\t\t\t\t\t\t\t2 PHOTOGRAPHERS\n\t\t\t\t\t\t\t\t\t<\/li>\n<li>\n\t\t\t\t\t\t\t\t\t\t1 CAMERAMAN\n\t\t\t\t\t\t\t\t\t<\/li>\n<\/ul>\n<p><strong>ASK FOR PRICE<\/strong><\/p>\n<p>\t\t\t<a href=\"https:\/\/fotocuk.studio\/en\/kontakt\/\" role=\"button\"><br \/>\n\t\t\t\t\t\tSEND ME A MESSAGE<br \/>\n\t\t\t\t\t<\/a><\/p>\n<p style=\"text-align: center;\"><strong>PHOTO AND VIDEO PACKAGE \"HERA\"<\/strong><\/p>\n<p>Photo\t\t<\/p>\n<ul>\n<li>\n\t\t\t\t\t\t\t\t\t\t300 FO TOGRAFIJA FORMATA 13X18CM\n\t\t\t\t\t\t\t\t\t<\/li>\n<li>\n\t\t\t\t\t\t\t\t\t\tBIG WEDDING ALBUM\n\t\t\t\t\t\t\t\t\t<\/li>\n<li>\n\t\t\t\t\t\t\t\t\t\t10 PHOTOS 25X38CM\n\t\t\t\t\t\t\t\t\t<\/li>\n<li>\n\t\t\t\t\t\t\t\t\t\t1 PHOTO 30X45CM\n\t\t\t\t\t\t\t\t\t<\/li>\n<li>\n\t\t\t\t\t\t\t\t\t\tALL PHOTOS IN DIGITAL FORM\n\t\t\t\t\t\t\t\t\t<\/li>\n<li>\n\t\t\t\t\t\t\t\t\t\tMOBILNA APLIKACIJA SA FOTOGRAFIJAMA MLADENACA\n\t\t\t\t\t\t\t\t\t<\/li>\n<li>\n\t\t\t\t\t\t\t\t\t\tONLINE GALERIJA SA SVIM FOTOGRAFIJAMA &#8211; PRISTUP UZ \u0160IFRU\n\t\t\t\t\t\t\t\t\t<\/li>\n<\/ul>\n<p>\t\tVideo\t\t<\/p>\n<ul>\n<li>\n\t\t\t\t\t\t\t\t\t\t5 USB FULL HD VIDEO\n\t\t\t\t\t\t\t\t\t<\/li>\n<li>\n\t\t\t\t\t\t\t\t\t\tKOMPLETAN SIROVI MATERIJAL &#8211; PO \u017dELJI\n\t\t\t\t\t\t\t\t\t<\/li>\n<li>\n\t\t\t\t\t\t\t\t\t\tFOR RAW MATERIAL CLIENT IS OBLIGATED TO SECURE MEDIA (USB, HARD DRIVE...)\n\t\t\t\t\t\t\t\t\t<\/li>\n<\/ul>\n<p>\t\tPackage include 3 men\t\t<\/p>\n<ul>\n<li>\n\t\t\t\t\t\t\t\t\t\t1 PHOTOGRAPHER + 2 CAMERAMAN OR\n\t\t\t\t\t\t\t\t\t<\/li>\n<li>\n\t\t\t\t\t\t\t\t\t\t2 CAMERAMAN + 1 PHOTOGRAPHER (CHOOSE BY YOUR SELF)\n\t\t\t\t\t\t\t\t\t<\/li>\n<\/ul>\n<p><strong>ASK FOR PRICE<\/strong><\/p>\n<p>\t\t\t<a href=\"https:\/\/fotocuk.studio\/en\/kontakt\/\" role=\"button\"><br \/>\n\t\t\t\t\t\tSEND ME A MESSAGE<br \/>\n\t\t\t\t\t<\/a><br \/>\n\t\t\t\t\t\t\t\t\t\t\t\t<img width=\"503\" height=\"754\" src=\"https:\/\/fotocuk.studio\/wp-content\/uploads\/2020\/04\/price2.jpg\" alt=\"\" loading=\"lazy\" srcset=\"https:\/\/fotocuk.studio\/wp-content\/uploads\/2020\/04\/price2.jpg 503w, https:\/\/fotocuk.studio\/wp-content\/uploads\/2020\/04\/price2-200x300.jpg 200w\" sizes=\"(max-width: 503px) 100vw, 503px\" \/><br \/>\n\t\t\t\t\t\t\t\t\t\t\t\t<img width=\"503\" height=\"753\" src=\"https:\/\/fotocuk.studio\/wp-content\/uploads\/2020\/04\/price3.jpg\" alt=\"\" loading=\"lazy\" srcset=\"https:\/\/fotocuk.studio\/wp-content\/uploads\/2020\/04\/price3.jpg 503w, https:\/\/fotocuk.studio\/wp-content\/uploads\/2020\/04\/price3-200x300.jpg 200w\" sizes=\"(max-width: 503px) 100vw, 503px\" \/>\t\t\t\t\t\t\t\t\t\t\t\t\t\t<\/p>\n<p style=\"text-align: center;\"><strong>PHOTO AND VIDEO PACKAGE \"ADONIS\"<\/strong><\/p>\n<p>Photo\t\t<\/p>\n<ul>\n<li>\n\t\t\t\t\t\t\t\t\t\t250 PHOTOS 15X21CM\n\t\t\t\t\t\t\t\t\t<\/li>\n<li>\n\t\t\t\t\t\t\t\t\t\tBIG WEDDING ALBUM\n\t\t\t\t\t\t\t\t\t<\/li>\n<li>\n\t\t\t\t\t\t\t\t\t\t12 PHOTOS 25X38CM\n\t\t\t\t\t\t\t\t\t<\/li>\n<li>\n\t\t\t\t\t\t\t\t\t\t3 PHOTOS 30X45CM\n\t\t\t\t\t\t\t\t\t<\/li>\n<li>\n\t\t\t\t\t\t\t\t\t\tALL PHOTOS IN DIGITAL FORM\n\t\t\t\t\t\t\t\t\t<\/li>\n<li>\n\t\t\t\t\t\t\t\t\t\tMOBILNA APLIKACIJA SA FOTOGRAFIJAMA MLADENACA\n\t\t\t\t\t\t\t\t\t<\/li>\n<li>\n\t\t\t\t\t\t\t\t\t\tONLINE GALERIJA SA SVIM FOTOGRAFIJAMA &#8211; PRISTUP UZ \u0160IFRU\n\t\t\t\t\t\t\t\t\t<\/li>\n<\/ul>\n<p>\t\tVideo\t\t<\/p>\n<ul>\n<li>\n\t\t\t\t\t\t\t\t\t\t8 USB FULL HD VIDEO\n\t\t\t\t\t\t\t\t\t<\/li>\n<li>\n\t\t\t\t\t\t\t\t\t\tKOMPLETAN SIROVI MATERIJAL &#8211; PO \u017dELJI\n\t\t\t\t\t\t\t\t\t<\/li>\n<li>\n\t\t\t\t\t\t\t\t\t\tFOR RAW MATERIAL CLIENT IS OBLIGATED TO SECURE MEDIA (USB, HARD DRIVE...)\n\t\t\t\t\t\t\t\t\t<\/li>\n<\/ul>\n<p>Package include 5 men<\/p>\n<ul>\n<li>\n\t\t\t\t\t\t\t\t\t\t2 PHOTOGRAPHERS\n\t\t\t\t\t\t\t\t\t<\/li>\n<li>\n\t\t\t\t\t\t\t\t\t\t2 CAMERAMANS\n\t\t\t\t\t\t\t\t\t<\/li>\n<li>\n\t\t\t\t\t\t\t\t\t\t1 DRONE\n\t\t\t\t\t\t\t\t\t<\/li>\n<\/ul>\n<p><strong>ASK FOR PRICE<\/strong><\/p>\n<p>\t\t\t<a href=\"https:\/\/fotocuk.studio\/en\/kontakt\/\" role=\"button\"><br \/>\n\t\t\t\t\t\tSEND ME A MESSAGE<br \/>\n\t\t\t\t\t<\/a><\/p>\n<p style=\"text-align: center;\">Additional<\/p>\n<ul>\n<li>\n\t\t\t\t\t\t\t\t\t\tDRON DOPLATA 350,00KM\n\t\t\t\t\t\t\t\t\t<\/li>\n<li>\n\t\t\t\t\t\t\t\t\t\tKRAN DOPLATA 600,00KM\n\t\t\t\t\t\t\t\t\t<\/li>\n<li>\n\t\t\t\t\t\t\t\t\t\tFOTOGRAFISANJE NA IZDVOJENOJ LOKACIJI U DODATNOM TERMINU (DAN PRIJE ILI POSLIJE SVADBE) 300,00KM\n\t\t\t\t\t\t\t\t\t<\/li>\n<li>\n\t\t\t\t\t\t\t\t\t\tSNIMANJE VIDEO SPOTA NA IZDVOJENOJ LOKACIJI U DODATNOM TERMINU (DAN PRIJE ILI POSLIJE SVADBE) 500,00KM\n\t\t\t\t\t\t\t\t\t<\/li>\n<li>\n\t\t\t\t\t\t\t\t\t\tWEDDING BOOK &#8211; CIJENA ZAVISI OD VELI\u010cINE, CIJENA NA UPIT\n\t\t\t\t\t\t\t\t\t<\/li>\n<li>\n\t\t\t\t\t\t\t\t\t\tHAND MANUFACTURED SUITCASE WITH IMAGE AND INITIALS FOR WEDDING BOOK\n\t\t\t\t\t\t\t\t\t<\/li>\n<li>\n\t\t\t\t\t\t\t\t\t\tHAND MANIFACTURED BOX FOR USB 20,00KM\n\t\t\t\t\t\t\t\t\t<\/li>\n<li>\n\t\t\t\t\t\t\t\t\t\tHAND MANIFACTURED BOX FOR DVD 25,00KM\n\t\t\t\t\t\t\t\t\t<\/li>\n<li>\n\t\t\t\t\t\t\t\t\t\tCANVAS IMAGES, ASK FOR PRICE\n\t\t\t\t\t\t\t\t\t<\/li>\n<li>\n\t\t\t\t\t\t\t\t\t\tRENT A PROJECTOR 100,00KM\n\t\t\t\t\t\t\t\t\t<\/li>\n<li>\n\t\t\t\t\t\t\t\t\t\tRENT A PROJECTOR WITH VIDEO EDITED FROM YOUR PHOTOS 150,00KM\n\t\t\t\t\t\t\t\t\t<\/li>\n<li>\n\t\t\t\t\t\t\t\t\t\tRENT A PROJECTOR WITH VIDEO MONTAGE OF ALREADY PREPARED MATERIAL\n\t\t\t\t\t\t\t\t\t<\/li>\n<li>\n\t\t\t\t\t\t\t\t\t\tCIJENA NA UPIT &#8211; ZAVISI OD VREMENA I NA\u010cINA MONTA\u017dE\n\t\t\t\t\t\t\t\t\t<\/li>\n<li>\n\t\t\t\t\t\t\t\t\t\tIN EVERY PACKAGE, CLIENTS GET DIGITAL PHOTOS\n\t\t\t\t\t\t\t\t\t<\/li>\n<li>\n\t\t\t\t\t\t\t\t\t\tUKOLIKO KLIJENTI \u017dELE KOMPLETAN SIROVI VIDEO MATERIJAL ZA TO SU DU\u017dNI OBEZBIJEDITI ODGOVARAJU\u0106I MEDIJ (HARD DISK, USB&#8230;)\n\t\t\t\t\t\t\t\t\t<\/li>\n<\/ul>\n<figure><img src=\"https:\/\/fotocuk.studio\/wp-content\/uploads\/2020\/03\/slider1.jpg\" alt=\"slider1\" \/><\/figure>\n<figure><img src=\"https:\/\/fotocuk.studio\/wp-content\/uploads\/2020\/03\/slider4.jpg\" alt=\"slider4\" \/><\/figure>\n<figure><img src=\"https:\/\/fotocuk.studio\/wp-content\/uploads\/2020\/03\/slider3.jpg\" alt=\"slider3\" \/><\/figure>\n<figure><img src=\"https:\/\/fotocuk.studio\/wp-content\/uploads\/2020\/03\/slider5.jpg\" alt=\"slider5\" \/><\/figure>\n<figure><img src=\"https:\/\/fotocuk.studio\/wp-content\/uploads\/2020\/03\/slider2.jpg\" alt=\"slider2\" \/><\/figure>","protected":false},"excerpt":{"rendered":"<p>Facebook Twitter Instagram Facebook Twitter Instagram Na\u0161a ponuda paketa FOTO I VIDEO ARAN\u017dMAN \u201cAFRODITA\u201d Foto 240 FO TOGRAFIJA FORMATA 13X18CM VELIKI SVADBENI ALBUM 5 FOTOGRAFIJA FORMATA 25X38CM SVE FOTOGRAFIJE U DIGITALNOM OBLIKU MOBILNA APLIKACIJA SA FOTOGRAFIJAMA MLADENACA ONLINE GALERIJA SA SVIM FOTOGRAFIJAMA &#8211; PRISTUP UZ \u0160IFRU Video 3 USB FULL HD VIDEO KOMPLETAN SIROVI MATERIJAL&#8230;<\/p>","protected":false},"author":1,"featured_media":0,"parent":0,"menu_order":0,"comment_status":"closed","ping_status":"closed","template":"","meta":[],"_links":{"self":[{"href":"https:\/\/fotocuk.studio\/en\/wp-json\/wp\/v2\/pages\/49"}],"collection":[{"href":"https:\/\/fotocuk.studio\/en\/wp-json\/wp\/v2\/pages"}],"about":[{"href":"https:\/\/fotocuk.studio\/en\/wp-json\/wp\/v2\/types\/page"}],"author":[{"embeddable":true,"href":"https:\/\/fotocuk.studio\/en\/wp-json\/wp\/v2\/users\/1"}],"replies":[{"embeddable":true,"href":"https:\/\/fotocuk.studio\/en\/wp-json\/wp\/v2\/comments?post=49"}],"version-history":[{"count":129,"href":"https:\/\/fotocuk.studio\/en\/wp-json\/wp\/v2\/pages\/49\/revisions"}],"predecessor-version":[{"id":1798,"href":"https:\/\/fotocuk.studio\/en\/wp-json\/wp\/v2\/pages\/49\/revisions\/1798"}],"wp:attachment":[{"href":"https:\/\/fotocuk.studio\/en\/wp-json\/wp\/v2\/media?parent=49"}],"curies":[{"name":"wp","href":"https:\/\/api.w.org\/{rel}","templated":true}]}}