{"id":51,"date":"2020-03-29T19:24:58","date_gmt":"2020-03-29T18:24:58","guid":{"rendered":"http:\/\/fotocuk.studio\/?page_id=51"},"modified":"2021-08-16T17:41:11","modified_gmt":"2021-08-16T16:41:11","slug":"kontakt","status":"publish","type":"page","link":"https:\/\/fotocuk.studio\/en\/kontakt\/","title":{"rendered":"Contact"},"content":{"rendered":"<p><a href=\"https:\/\/www.facebook.com\/gorancukfotograf\/?ref=bookmarks\" target=\"_blank\" rel=\"noopener\"><br \/>\n\t\t\t\t\t\tFacebook<br \/>\n\t\t\t\t\t\t\t\t\t\t\t<\/a><br \/>\n\t\t\t\t\t<a href=\"https:\/\/twitter.com\/goran_cuk_\" target=\"_blank\" rel=\"noopener\"><br \/>\n\t\t\t\t\t\tTwitter<br \/>\n\t\t\t\t\t\t\t\t\t\t\t<\/a><br \/>\n\t\t\t\t\t<a href=\"https:\/\/www.instagram.com\/fotocuk_prijedor\/\" target=\"_blank\" rel=\"noopener\"><br \/>\n\t\t\t\t\t\tInstagram<br \/>\n\t\t\t\t\t\t\t\t\t\t\t<\/a><br \/>\n\t\t\t\t\t<a href=\"https:\/\/www.facebook.com\/gorancukfotograf\/?ref=bookmarks\" target=\"_blank\" rel=\"noopener\"><br \/>\n\t\t\t\t\t\tFacebook<br \/>\n\t\t\t\t\t\t\t\t\t\t\t<\/a><br \/>\n\t\t\t\t\t<a href=\"https:\/\/twitter.com\/goran_cuk_\" target=\"_blank\" rel=\"noopener\"><br \/>\n\t\t\t\t\t\tTwitter<br \/>\n\t\t\t\t\t\t\t\t\t\t\t<\/a><br \/>\n\t\t\t\t\t<a href=\"https:\/\/www.instagram.com\/fotocuk_prijedor\/\" target=\"_blank\" rel=\"noopener\"><br \/>\n\t\t\t\t\t\tInstagram<br \/>\n\t\t\t\t\t\t\t\t\t\t\t<\/a><\/p>\n<p style=\"text-align: center; margin-bottom: 5px;\">Send Us a Message<\/p>\n<p style=\"text-align: center; margin-bottom: 10px;\">We would love to hear from you. In the section below<\/p>\n<p style=\"text-align: center; margin-bottom: 10px;\"> you can check availability or order <\/p>\n<p style=\"text-align: center;\">presentation of our services. With coffee and cakes of course.<\/p>\n<p style=\"margin-bottom: 10px;\"><strong>Company name:<\/strong> Foto \u0106uk<\/p>\n<p style=\"margin-bottom: 10px;\"><strong>Address:<\/strong> Trg Zorana Karlice 1<\/p>\n<p style=\"margin-bottom: 10px;\">Prijedor, Bosna and Hercegovina<\/p>\n<p style=\"margin-bottom: 10px;\"><strong>Goran \u0106uk<\/strong><\/p>\n<p style=\"margin-bottom: 10px;\"><strong>Phone:<\/strong> +378 65 634 495<\/p>\n<p style=\"margin-bottom: 10px;\"><strong>Studio phone:<\/strong> +378 (0) 52 911 124<\/p>\n<p style=\"margin-bottom: 10px;\"><strong>E-mail:<\/strong> info@fotocuk.studio<\/p>\n<p>\t\t\t\t\t\t\t\t\t\t\t\t<img width=\"474\" height=\"710\" src=\"https:\/\/fotocuk.studio\/wp-content\/uploads\/2020\/04\/Untitled-2-1.jpg\" alt=\"\" loading=\"lazy\" srcset=\"https:\/\/fotocuk.studio\/wp-content\/uploads\/2020\/04\/Untitled-2-1.jpg 474w, https:\/\/fotocuk.studio\/wp-content\/uploads\/2020\/04\/Untitled-2-1-200x300.jpg 200w\" sizes=\"(max-width: 474px) 100vw, 474px\" \/>\t\t\t\t\t\t\t\t\t\t\t\t\t\t<\/p>\n<p style=\"text-align: center; margin-bottom: 5px;\"><strong>Send us a message<\/strong><\/p>\n<div role=\"form\" class=\"wpcf7\" id=\"wpcf7-f685-o1\" lang=\"en-GB\" dir=\"ltr\">\n<div class=\"screen-reader-response\"><p role=\"status\" aria-live=\"polite\" aria-atomic=\"true\"><\/p> <ul><\/ul><\/div>\n<form action=\"\/en\/wp-json\/wp\/v2\/pages\/51#wpcf7-f685-o1\" method=\"post\" class=\"wpcf7-form init\" novalidate=\"novalidate\" data-status=\"init\" data-trp-original-action=\"\/en\/wp-json\/wp\/v2\/pages\/51#wpcf7-f685-o1\">\n<div style=\"display: none;\">\n<input type=\"hidden\" name=\"_wpcf7\" value=\"685\" \/>\n<input type=\"hidden\" name=\"_wpcf7_version\" value=\"5.4.2\" \/>\n<input type=\"hidden\" name=\"_wpcf7_locale\" value=\"en_GB\" \/>\n<input type=\"hidden\" name=\"_wpcf7_unit_tag\" value=\"wpcf7-f685-o1\" \/>\n<input type=\"hidden\" name=\"_wpcf7_container_post\" value=\"0\" \/>\n<input type=\"hidden\" name=\"_wpcf7_posted_data_hash\" value=\"\" \/>\n<\/div>\n<p><span class=\"wpcf7-form-control-wrap your-name\"><input type=\"text\" name=\"your-name\" value=\"\" size=\"40\" class=\"wpcf7-form-control wpcf7-text wpcf7-validates-as-required\" aria-required=\"true\" aria-invalid=\"false\" placeholder=\"Name\" \/><\/span><\/p>\n<p><span class=\"wpcf7-form-control-wrap your-email\"><input type=\"email\" name=\"your-email\" value=\"\" size=\"40\" class=\"wpcf7-form-control wpcf7-text wpcf7-email wpcf7-validates-as-required wpcf7-validates-as-email\" aria-required=\"true\" aria-invalid=\"false\" placeholder=\"Email\" \/><\/span><\/p>\n<p><span class=\"wpcf7-form-control-wrap your-message\"><textarea name=\"your-message\" cols=\"40\" rows=\"5\" class=\"wpcf7-form-control wpcf7-textarea\" aria-invalid=\"false\" placeholder=\"Message\"><\/textarea><\/span><\/p>\n<p><input type=\"submit\" value=\"Send Message\" class=\"wpcf7-form-control wpcf7-submit\" \/><\/p>\n<div class=\"wpcf7-response-output\" aria-hidden=\"true\"><\/div><input type=\"hidden\" name=\"trp-form-language\" value=\"en\"\/><\/form><\/div>\n<p style=\"text-align: center;\">Fotografia &#8211; eto meditacia v mgnovenii<\/p>\n<figure><img src=\"https:\/\/fotocuk.studio\/wp-content\/uploads\/2020\/03\/slider5.jpg\" alt=\"slider5\" \/><\/figure>\n<figure><img src=\"https:\/\/fotocuk.studio\/wp-content\/uploads\/2020\/03\/slider3.jpg\" alt=\"slider3\" \/><\/figure>\n<figure><img src=\"https:\/\/fotocuk.studio\/wp-content\/uploads\/2020\/03\/slider4.jpg\" alt=\"slider4\" \/><\/figure>\n<figure><img src=\"https:\/\/fotocuk.studio\/wp-content\/uploads\/2020\/03\/slider1.jpg\" alt=\"slider1\" \/><\/figure>\n<figure><img src=\"https:\/\/fotocuk.studio\/wp-content\/uploads\/2020\/03\/slider2.jpg\" alt=\"slider2\" \/><\/figure>","protected":false},"excerpt":{"rendered":"<p>Facebook Twitter Instagram Facebook Twitter Instagram Kontaktirajte nas Voljeli bismo da nam se javite. U sekciji ispod mo\u017eete provjeriti dostupnost termina ili naru\u010diti prezentaciju na\u0161ih usluga. Uz kafu i kola\u010de naravno. Naziv firme: Foto \u0106uk Adresa: Trg Zorana Karlice 1 Prijedor, Bosna and Hercegovina Goran \u0106uk Telefon: +378 65 634 495 Telefon studio: +378 (0)&#8230;<\/p>","protected":false},"author":1,"featured_media":0,"parent":0,"menu_order":0,"comment_status":"closed","ping_status":"closed","template":"","meta":[],"_links":{"self":[{"href":"https:\/\/fotocuk.studio\/en\/wp-json\/wp\/v2\/pages\/51"}],"collection":[{"href":"https:\/\/fotocuk.studio\/en\/wp-json\/wp\/v2\/pages"}],"about":[{"href":"https:\/\/fotocuk.studio\/en\/wp-json\/wp\/v2\/types\/page"}],"author":[{"embeddable":true,"href":"https:\/\/fotocuk.studio\/en\/wp-json\/wp\/v2\/users\/1"}],"replies":[{"embeddable":true,"href":"https:\/\/fotocuk.studio\/en\/wp-json\/wp\/v2\/comments?post=51"}],"version-history":[{"count":61,"href":"https:\/\/fotocuk.studio\/en\/wp-json\/wp\/v2\/pages\/51\/revisions"}],"predecessor-version":[{"id":1775,"href":"https:\/\/fotocuk.studio\/en\/wp-json\/wp\/v2\/pages\/51\/revisions\/1775"}],"wp:attachment":[{"href":"https:\/\/fotocuk.studio\/en\/wp-json\/wp\/v2\/media?parent=51"}],"curies":[{"name":"wp","href":"https:\/\/api.w.org\/{rel}","templated":true}]}}