{"id":6,"date":"2020-03-29T18:42:16","date_gmt":"2020-03-29T17:42:16","guid":{"rendered":"http:\/\/fotocuk.studio\/?page_id=6"},"modified":"2021-08-16T17:39:43","modified_gmt":"2021-08-16T16:39:43","slug":"home","status":"publish","type":"page","link":"https:\/\/fotocuk.studio\/en\/","title":{"rendered":"Home"},"content":{"rendered":"<p><img src=\"https:\/\/fotocuk.studio\/wp-content\/uploads\/elementor\/thumbs\/DSC_7631-e1586727575261-pbn7m1jqzurg66bwogmar2vegh0yn5ngn8sx5k8nb4.jpg\" title=\"DSC_7631\" alt=\"DSC_7631\"><br \/>\n<a href=\"https:\/\/www.facebook.com\/gorancukfotograf\/?ref=bookmarks\" target=\"_blank\" rel=\"noopener\"><br \/>\nFacebook<br \/>\n<\/a><br \/>\n<a href=\"https:\/\/twitter.com\/goran_cuk_\" target=\"_blank\" rel=\"noopener\"><br \/>\nTwitter<br \/>\n<\/a><br \/>\n<a href=\"https:\/\/www.instagram.com\/fotocuk_prijedor\/\" target=\"_blank\" rel=\"noopener\"><br \/>\nInstagram<br \/>\n<\/a><\/p>\n<p style=\"padding-right: 100px; text-align: right;\">\"You don\u2019t take a photograph,<br \/>\nyou make it.\"<br \/>\n<br \/>\n<\/p>\n<p style=\"text-align: right; padding-right: 100px;\">Ansel Adams<\/p>\n<p style=\"padding-right: 100px;\">\n<p>\t\t\t\t\t<a href=\"https:\/\/www.facebook.com\/gorancukfotograf\/?ref=bookmarks\" target=\"_blank\" rel=\"noopener\"><br \/>\nFacebook<br \/>\n<\/a><br \/>\n<a href=\"https:\/\/twitter.com\/goran_cuk_\" target=\"_blank\" rel=\"noopener\"><br \/>\nTwitter<br \/>\n<\/a><br \/>\n<a href=\"https:\/\/www.instagram.com\/fotocuk_prijedor\/\" target=\"_blank\" rel=\"noopener\"><br \/>\nInstagram<br \/>\n<\/a><\/p>\n<p style=\"text-align: center; margin-bottom:1px\">PHOTOGRAPHS<\/p>\n<p style=\"text-align: center;\"><strong>FOTO \u0106UK<\/strong><\/p>\n<p>\t\t\t\t\t\t\t\t\t\t\t\t<img width=\"555\" height=\"371\" src=\"https:\/\/fotocuk.studio\/wp-content\/uploads\/2020\/03\/image01.jpg\" alt=\"\" loading=\"lazy\" srcset=\"https:\/\/fotocuk.studio\/wp-content\/uploads\/2020\/03\/image01.jpg 555w, https:\/\/fotocuk.studio\/wp-content\/uploads\/2020\/03\/image01-300x201.jpg 300w\" sizes=\"(max-width: 555px) 100vw, 555px\"><br \/>\n<img width=\"555\" height=\"370\" src=\"https:\/\/fotocuk.studio\/wp-content\/uploads\/2020\/03\/image02.jpg\" alt=\"\" loading=\"lazy\" srcset=\"https:\/\/fotocuk.studio\/wp-content\/uploads\/2020\/03\/image02.jpg 555w, https:\/\/fotocuk.studio\/wp-content\/uploads\/2020\/03\/image02-300x200.jpg 300w\" sizes=\"(max-width: 555px) 100vw, 555px\"><br \/>\n<img width=\"555\" height=\"371\" src=\"https:\/\/fotocuk.studio\/wp-content\/uploads\/2020\/03\/image03.jpg\" alt=\"\" loading=\"lazy\" srcset=\"https:\/\/fotocuk.studio\/wp-content\/uploads\/2020\/03\/image03.jpg 555w, https:\/\/fotocuk.studio\/wp-content\/uploads\/2020\/03\/image03-300x201.jpg 300w\" sizes=\"(max-width: 555px) 100vw, 555px\"><br \/>\n<img width=\"555\" height=\"371\" src=\"https:\/\/fotocuk.studio\/wp-content\/uploads\/2020\/03\/image04.jpg\" alt=\"\" loading=\"lazy\" srcset=\"https:\/\/fotocuk.studio\/wp-content\/uploads\/2020\/03\/image04.jpg 555w, https:\/\/fotocuk.studio\/wp-content\/uploads\/2020\/03\/image04-300x201.jpg 300w\" sizes=\"(max-width: 555px) 100vw, 555px\"><br \/>\n<a href=\"https:\/\/fotocuk.studio\/en\/portfolio\/\" role=\"button\"><br \/>\nGALLERY<br \/>\n<\/a><br \/>\n<img width=\"600\" height=\"503\" src=\"https:\/\/fotocuk.studio\/wp-content\/uploads\/2020\/03\/about-us.jpg\" alt=\"\" loading=\"lazy\" srcset=\"https:\/\/fotocuk.studio\/wp-content\/uploads\/2020\/03\/about-us.jpg 600w, https:\/\/fotocuk.studio\/wp-content\/uploads\/2020\/03\/about-us-300x252.jpg 300w\" sizes=\"(max-width: 600px) 100vw, 600px\"><\/p>\n<p style=\"text-align: center;\">Welcome<\/p>\n<p>Welcome to the official web site introduced by photo studio \"Foto \u0106uk\" from Prijedor, BiH.\n We will be happy to answer all your questions. \n Also, we are here to help you organize your wedding, birthday or some other celebration. \n Do not hesitate to contact us, we will be glad to help.<\/p>\n<p style=\"text-align: margin: 5px 0;\"><em>Goran \u0106uk and Team<\/em><\/p>\n<p style=\"text-align: right;\"><a href=\"https:\/\/fotocuk.studio\/en\/o-nama\/\"><strong>MORE INFORMATION ><\/strong><\/a><\/p>\n<p style=\"text-align: center;\">YOU HAVEN'T DECIDED YET?<\/p>\n<p style=\"text-align: center;\"><a href=\"https:\/\/fotocuk.studio\/en\/kontakt\/\"><strong>CHECK AVAILABLE DATES!<\/strong><\/a><\/p>\n<figure><img src=\"https:\/\/fotocuk.studio\/wp-content\/uploads\/2020\/03\/slider5.jpg\" alt=\"slider5\"><\/figure>\n<figure><img src=\"https:\/\/fotocuk.studio\/wp-content\/uploads\/2020\/03\/slider3.jpg\" alt=\"slider3\"><\/figure>\n<figure><img src=\"https:\/\/fotocuk.studio\/wp-content\/uploads\/2020\/03\/slider4.jpg\" alt=\"slider4\"><\/figure>\n<figure><img src=\"https:\/\/fotocuk.studio\/wp-content\/uploads\/2020\/03\/slider1.jpg\" alt=\"slider1\"><\/figure>\n<figure><img src=\"https:\/\/fotocuk.studio\/wp-content\/uploads\/2020\/03\/slider2.jpg\" alt=\"slider2\"><\/figure>\n<p style=\"text-align: center;\">Something new from our factory<\/p>\n<figure><img src=\"https:\/\/fotocuk.studio\/wp-content\/uploads\/elementor\/thumbs\/vi4-pbn5w7pbkz1204hrs6ux6ygt0jmaquztohggitl2ya.png\" alt=\"vi4\"><\/figure>\n<figure><img src=\"https:\/\/fotocuk.studio\/wp-content\/uploads\/elementor\/thumbs\/vi5-pbn5w9kzyn3mncf1h7o6bxzq7bd1697acqrfhdialu.png\" alt=\"vi5\"><\/figure>\n<figure><img src=\"https:\/\/fotocuk.studio\/wp-content\/uploads\/elementor\/thumbs\/vi6-pbn5waiu5h4wyydobq2swfr6sp8edyb0ovewyngwfm.png\" alt=\"vi6\"><\/figure>\n<figure><img src=\"https:\/\/fotocuk.studio\/wp-content\/uploads\/elementor\/thumbs\/vi3-pbn5w6rhe4zroij4xogamgpcf5qxj5w3ccsz1jmh4i.png\" alt=\"vi3\"><\/figure>\n<figure><img src=\"https:\/\/fotocuk.studio\/wp-content\/uploads\/elementor\/thumbs\/vi1-pbn5w3xytmvwpon8e58ewzeyn04tw2kwbyuilpqnn6.png\" alt=\"vi1\"><\/figure>\n<figure><img src=\"https:\/\/fotocuk.studio\/wp-content\/uploads\/elementor\/thumbs\/vi2-pbn5w5tn7ayhcwki361o1yxvtrvkbgsd085hk9nvaq.png\" alt=\"vi2\"><\/figure>\n<p style=\"text-align: center;\">VIBER STICKERS<br \/>\nSEND US VIBER MESSAGE TO DOWNLOAD <strong><em>065 634 495<\/em><\/strong><\/p>","protected":false},"excerpt":{"rendered":"<p>Facebook Twitter Instagram &#8220;Najbitniji dio fotoaparata je ona komponenta koja se nalazi nekoliko centimetara iza njega.&#8221; Ansel Adams Facebook Twitter Instagram FOTOGRAFIJE FOTO \u0106UK PORTFOLIO Dobrodo\u0161li Dobrodo\u0161li na oficijelnu stranicu fotografskog studija \u201cFoto \u0106uk\u201d iz Prijedora. Tu smo da odgovorimo na sve va\u0161e upite. Tu smo da vam pomognemo oko organizacije va\u0161e svadbe iz mnogo&#8230;<\/p>","protected":false},"author":1,"featured_media":0,"parent":0,"menu_order":0,"comment_status":"closed","ping_status":"closed","template":"elementor_header_footer","meta":[],"_links":{"self":[{"href":"https:\/\/fotocuk.studio\/en\/wp-json\/wp\/v2\/pages\/6"}],"collection":[{"href":"https:\/\/fotocuk.studio\/en\/wp-json\/wp\/v2\/pages"}],"about":[{"href":"https:\/\/fotocuk.studio\/en\/wp-json\/wp\/v2\/types\/page"}],"author":[{"embeddable":true,"href":"https:\/\/fotocuk.studio\/en\/wp-json\/wp\/v2\/users\/1"}],"replies":[{"embeddable":true,"href":"https:\/\/fotocuk.studio\/en\/wp-json\/wp\/v2\/comments?post=6"}],"version-history":[{"count":171,"href":"https:\/\/fotocuk.studio\/en\/wp-json\/wp\/v2\/pages\/6\/revisions"}],"predecessor-version":[{"id":1771,"href":"https:\/\/fotocuk.studio\/en\/wp-json\/wp\/v2\/pages\/6\/revisions\/1771"}],"wp:attachment":[{"href":"https:\/\/fotocuk.studio\/en\/wp-json\/wp\/v2\/media?parent=6"}],"curies":[{"name":"wp","href":"https:\/\/api.w.org\/{rel}","templated":true}]}}